{"id":17,"date":"2020-01-22T15:28:35","date_gmt":"2020-01-22T15:28:35","guid":{"rendered":"http:\/\/localhost\/crmirosarito\/?page_id=17"},"modified":"2020-01-22T17:20:39","modified_gmt":"2020-01-22T17:20:39","slug":"modelos-y-formularios","status":"publish","type":"page","link":"https:\/\/crmirosarito.com\/?page_id=17","title":{"rendered":"Modelos y formularios"},"content":{"rendered":"\t\t<div data-elementor-type=\"wp-page\" data-elementor-id=\"17\" class=\"elementor elementor-17\" data-elementor-post-type=\"page\">\n\t\t\t\t\t\t<section class=\"elementor-section elementor-top-section elementor-element elementor-element-33860cc elementor-section-boxed elementor-section-height-default elementor-section-height-default\" data-id=\"33860cc\" data-element_type=\"section\" data-e-type=\"section\">\n\t\t\t\t\t\t<div class=\"elementor-container elementor-column-gap-default\">\n\t\t\t\t\t<div class=\"elementor-column elementor-col-100 elementor-top-column elementor-element elementor-element-ec48561\" data-id=\"ec48561\" data-element_type=\"column\" data-e-type=\"column\">\n\t\t\t<div class=\"elementor-widget-wrap elementor-element-populated\">\n\t\t\t\t\t\t<div class=\"elementor-element elementor-element-2fbaf66 elementor-widget elementor-widget-heading\" data-id=\"2fbaf66\" data-element_type=\"widget\" data-e-type=\"widget\" data-widget_type=\"heading.default\">\n\t\t\t\t<div class=\"elementor-widget-container\">\n\t\t\t\t\t<h1 class=\"elementor-heading-title elementor-size-default\">MODELOS Y FORMULARIOS<\/h1>\t\t\t\t<\/div>\n\t\t\t\t<\/div>\n\t\t\t\t<div class=\"elementor-element elementor-element-00447a1 elementor-widget-divider--view-line elementor-widget elementor-widget-divider\" data-id=\"00447a1\" data-element_type=\"widget\" data-e-type=\"widget\" data-widget_type=\"divider.default\">\n\t\t\t\t<div class=\"elementor-widget-container\">\n\t\t\t\t\t\t\t<div class=\"elementor-divider\">\n\t\t\t<span class=\"elementor-divider-separator\">\n\t\t\t\t\t\t<\/span>\n\t\t<\/div>\n\t\t\t\t\t\t<\/div>\n\t\t\t\t<\/div>\n\t\t\t\t<div class=\"elementor-element elementor-element-8e61c70 elementor-grid-3 elementor-grid-tablet-2 elementor-grid-mobile-1 elementor-posts--thumbnail-top elementor-widget elementor-widget-posts\" data-id=\"8e61c70\" data-element_type=\"widget\" data-e-type=\"widget\" data-settings=\"{&quot;pagination_type&quot;:&quot;numbers&quot;,&quot;classic_columns&quot;:&quot;3&quot;,&quot;classic_columns_tablet&quot;:&quot;2&quot;,&quot;classic_columns_mobile&quot;:&quot;1&quot;,&quot;classic_row_gap&quot;:{&quot;unit&quot;:&quot;px&quot;,&quot;size&quot;:35,&quot;sizes&quot;:[]},&quot;classic_row_gap_tablet&quot;:{&quot;unit&quot;:&quot;px&quot;,&quot;size&quot;:&quot;&quot;,&quot;sizes&quot;:[]},&quot;classic_row_gap_mobile&quot;:{&quot;unit&quot;:&quot;px&quot;,&quot;size&quot;:&quot;&quot;,&quot;sizes&quot;:[]}}\" data-widget_type=\"posts.classic\">\n\t\t\t\t<div class=\"elementor-widget-container\">\n\t\t\t\t\t\t\t<div class=\"elementor-posts-container elementor-posts elementor-posts--skin-classic elementor-grid\" role=\"list\">\n\t\t\t\t<article class=\"elementor-post elementor-grid-item post-473 post type-post status-publish format-standard has-post-thumbnail hentry category-modelos-y-formularios\" role=\"listitem\">\n\t\t\t\t<a class=\"elementor-post__thumbnail__link\" href=\"https:\/\/crmirosarito.com\/?p=473\" tabindex=\"-1\" >\n\t\t\t<div class=\"elementor-post__thumbnail\"><img fetchpriority=\"high\" decoding=\"async\" width=\"300\" height=\"294\" src=\"https:\/\/crmirosarito.com\/wp-content\/uploads\/2026\/04\/Icono-de-documento-con-descarga-300x294.png\" class=\"attachment-medium size-medium wp-image-478\" alt=\"\" srcset=\"https:\/\/crmirosarito.com\/wp-content\/uploads\/2026\/04\/Icono-de-documento-con-descarga-300x294.png 300w, https:\/\/crmirosarito.com\/wp-content\/uploads\/2026\/04\/Icono-de-documento-con-descarga-1024x1002.png 1024w, https:\/\/crmirosarito.com\/wp-content\/uploads\/2026\/04\/Icono-de-documento-con-descarga-768x752.png 768w, https:\/\/crmirosarito.com\/wp-content\/uploads\/2026\/04\/Icono-de-documento-con-descarga.png 1268w\" sizes=\"(max-width: 300px) 100vw, 300px\" \/><\/div>\n\t\t<\/a>\n\t\t\t\t<div class=\"elementor-post__text\">\n\t\t\t\t<h3 class=\"elementor-post__title\">\n\t\t\t<a href=\"https:\/\/crmirosarito.com\/?p=473\" >\n\t\t\t\tFORMULARIO SOLICITUD RELLENABLE\t\t\t<\/a>\n\t\t<\/h3>\n\t\t\t\t<div class=\"elementor-post__meta-data\">\n\t\t\t\t\t<span class=\"elementor-post-date\">\n\t\t\tabril 9, 2026\t\t<\/span>\n\t\t\t\t<\/div>\n\t\t\t\t<div class=\"elementor-post__excerpt\">\n\t\t\t<p>Para solicitar una Certificaci\u00f3n deber\u00e1 enviarnos cumplimentado el modelo adjunto. FORMULARIO SOLICITUD RELLENABLE.doc<\/p>\n\t\t<\/div>\n\t\t\n\t\t<a class=\"elementor-post__read-more\" href=\"https:\/\/crmirosarito.com\/?p=473\" aria-label=\"M\u00e1s informaci\u00f3n sobre FORMULARIO SOLICITUD RELLENABLE\" tabindex=\"-1\" >\n\t\t\tLeer m\u00e1s \u00bb\t\t<\/a>\n\n\t\t\t\t<\/div>\n\t\t\t\t<\/article>\n\t\t\t\t<article class=\"elementor-post elementor-grid-item post-99 post type-post status-publish format-standard has-post-thumbnail hentry category-modelos-y-formularios\" role=\"listitem\">\n\t\t\t\t<a class=\"elementor-post__thumbnail__link\" href=\"https:\/\/crmirosarito.com\/?p=99\" tabindex=\"-1\" >\n\t\t\t<div class=\"elementor-post__thumbnail\"><img decoding=\"async\" width=\"229\" height=\"220\" src=\"https:\/\/crmirosarito.com\/wp-content\/uploads\/2020\/01\/descarga.png\" class=\"attachment-medium size-medium wp-image-44\" alt=\"\" \/><\/div>\n\t\t<\/a>\n\t\t\t\t<div class=\"elementor-post__text\">\n\t\t\t\t<h3 class=\"elementor-post__title\">\n\t\t\t<a href=\"https:\/\/crmirosarito.com\/?p=99\" >\n\t\t\t\tSolicitud autorizaci\u00f3n para realizar obras\t\t\t<\/a>\n\t\t<\/h3>\n\t\t\t\t<div class=\"elementor-post__meta-data\">\n\t\t\t\t\t<span class=\"elementor-post-date\">\n\t\t\tenero 22, 2020\t\t<\/span>\n\t\t\t\t<\/div>\n\t\t\t\t<div class=\"elementor-post__excerpt\">\n\t\t\t<p>MODELO-SOLICITUD-OBRA<\/p>\n\t\t<\/div>\n\t\t\n\t\t<a class=\"elementor-post__read-more\" href=\"https:\/\/crmirosarito.com\/?p=99\" aria-label=\"M\u00e1s informaci\u00f3n sobre Solicitud autorizaci\u00f3n para realizar obras\" tabindex=\"-1\" >\n\t\t\tLeer m\u00e1s \u00bb\t\t<\/a>\n\n\t\t\t\t<\/div>\n\t\t\t\t<\/article>\n\t\t\t\t<article class=\"elementor-post elementor-grid-item post-54 post type-post status-publish format-standard has-post-thumbnail hentry category-modelos-y-formularios category-tablon-de-anuncios\" role=\"listitem\">\n\t\t\t\t<a class=\"elementor-post__thumbnail__link\" href=\"https:\/\/crmirosarito.com\/?p=54\" tabindex=\"-1\" >\n\t\t\t<div class=\"elementor-post__thumbnail\"><img decoding=\"async\" width=\"300\" height=\"290\" src=\"https:\/\/crmirosarito.com\/wp-content\/uploads\/2020\/01\/gota-300x290.png\" class=\"attachment-medium size-medium wp-image-56\" alt=\"\" srcset=\"https:\/\/crmirosarito.com\/wp-content\/uploads\/2020\/01\/gota-300x290.png 300w, https:\/\/crmirosarito.com\/wp-content\/uploads\/2020\/01\/gota.png 371w\" sizes=\"(max-width: 300px) 100vw, 300px\" \/><\/div>\n\t\t<\/a>\n\t\t\t\t<div class=\"elementor-post__text\">\n\t\t\t\t<h3 class=\"elementor-post__title\">\n\t\t\t<a href=\"https:\/\/crmirosarito.com\/?p=54\" >\n\t\t\t\tAnuncio Pago cuotas\t\t\t<\/a>\n\t\t<\/h3>\n\t\t\t\t<div class=\"elementor-post__meta-data\">\n\t\t\t\t\t<span class=\"elementor-post-date\">\n\t\t\tenero 22, 2020\t\t<\/span>\n\t\t\t\t<\/div>\n\t\t\t\t<div class=\"elementor-post__excerpt\">\n\t\t\t<p>En el B.O.P n\u00ba 0048, de fecha 8 de marzo, se public\u00f3 el Anuncio de formalizaci\u00f3n del pago de cuotas de sostenimiento de la Comunidad<\/p>\n\t\t<\/div>\n\t\t\n\t\t<a class=\"elementor-post__read-more\" href=\"https:\/\/crmirosarito.com\/?p=54\" aria-label=\"M\u00e1s informaci\u00f3n sobre Anuncio Pago cuotas\" tabindex=\"-1\" >\n\t\t\tLeer m\u00e1s \u00bb\t\t<\/a>\n\n\t\t\t\t<\/div>\n\t\t\t\t<\/article>\n\t\t\t\t<article class=\"elementor-post elementor-grid-item post-50 post type-post status-publish format-standard has-post-thumbnail hentry category-modelos-y-formularios\" role=\"listitem\">\n\t\t\t\t<a class=\"elementor-post__thumbnail__link\" href=\"https:\/\/crmirosarito.com\/?p=50\" tabindex=\"-1\" >\n\t\t\t<div class=\"elementor-post__thumbnail\"><img loading=\"lazy\" decoding=\"async\" width=\"300\" height=\"152\" src=\"https:\/\/crmirosarito.com\/wp-content\/uploads\/2020\/01\/logo-vector-sepa-300x152.jpg\" class=\"attachment-medium size-medium wp-image-52\" alt=\"\" srcset=\"https:\/\/crmirosarito.com\/wp-content\/uploads\/2020\/01\/logo-vector-sepa-300x152.jpg 300w, https:\/\/crmirosarito.com\/wp-content\/uploads\/2020\/01\/logo-vector-sepa.jpg 630w\" sizes=\"(max-width: 300px) 100vw, 300px\" \/><\/div>\n\t\t<\/a>\n\t\t\t\t<div class=\"elementor-post__text\">\n\t\t\t\t<h3 class=\"elementor-post__title\">\n\t\t\t<a href=\"https:\/\/crmirosarito.com\/?p=50\" >\n\t\t\t\tDomiciliaci\u00f3n de cuotas\t\t\t<\/a>\n\t\t<\/h3>\n\t\t\t\t<div class=\"elementor-post__meta-data\">\n\t\t\t\t\t<span class=\"elementor-post-date\">\n\t\t\tenero 22, 2020\t\t<\/span>\n\t\t\t\t<\/div>\n\t\t\t\t<div class=\"elementor-post__excerpt\">\n\t\t\t<p>Si quiere domiciliar el pago de las cuotas de sostenimiento, devu\u00e9lvanos cumplimentado y firmado el formulario. Formulario-SEPA<\/p>\n\t\t<\/div>\n\t\t\n\t\t<a class=\"elementor-post__read-more\" href=\"https:\/\/crmirosarito.com\/?p=50\" aria-label=\"M\u00e1s informaci\u00f3n sobre Domiciliaci\u00f3n de cuotas\" tabindex=\"-1\" >\n\t\t\tLeer m\u00e1s \u00bb\t\t<\/a>\n\n\t\t\t\t<\/div>\n\t\t\t\t<\/article>\n\t\t\t\t<article class=\"elementor-post elementor-grid-item post-42 post type-post status-publish format-standard has-post-thumbnail hentry category-modelos-y-formularios\" role=\"listitem\">\n\t\t\t\t<a class=\"elementor-post__thumbnail__link\" href=\"https:\/\/crmirosarito.com\/?p=42\" tabindex=\"-1\" >\n\t\t\t<div class=\"elementor-post__thumbnail\"><img decoding=\"async\" width=\"229\" height=\"220\" src=\"https:\/\/crmirosarito.com\/wp-content\/uploads\/2020\/01\/descarga.png\" class=\"attachment-medium size-medium wp-image-44\" alt=\"\" \/><\/div>\n\t\t<\/a>\n\t\t\t\t<div class=\"elementor-post__text\">\n\t\t\t\t<h3 class=\"elementor-post__title\">\n\t\t\t<a href=\"https:\/\/crmirosarito.com\/?p=42\" >\n\t\t\t\tSolicitud Certificado\t\t\t<\/a>\n\t\t<\/h3>\n\t\t\t\t<div class=\"elementor-post__meta-data\">\n\t\t\t\t\t<span class=\"elementor-post-date\">\n\t\t\tenero 22, 2020\t\t<\/span>\n\t\t\t\t<\/div>\n\t\t\t\t<div class=\"elementor-post__excerpt\">\n\t\t\t<p>Para solicitar una Certificaci\u00f3n deber\u00e1 enviarnos cumplimentado el modelo adjunto SOLICITUD-CERTIFICADO<\/p>\n\t\t<\/div>\n\t\t\n\t\t<a class=\"elementor-post__read-more\" href=\"https:\/\/crmirosarito.com\/?p=42\" aria-label=\"M\u00e1s informaci\u00f3n sobre Solicitud Certificado\" tabindex=\"-1\" >\n\t\t\tLeer m\u00e1s \u00bb\t\t<\/a>\n\n\t\t\t\t<\/div>\n\t\t\t\t<\/article>\n\t\t\t\t<\/div>\n\t\t\n\t\t\t\t\t\t<\/div>\n\t\t\t\t<\/div>\n\t\t\t\t\t<\/div>\n\t\t<\/div>\n\t\t\t\t\t<\/div>\n\t\t<\/section>\n\t\t\t\t<\/div>\n\t\t","protected":false},"excerpt":{"rendered":"<p>MODELOS Y FORMULARIOS<\/p>\n","protected":false},"author":1,"featured_media":0,"parent":0,"menu_order":0,"comment_status":"closed","ping_status":"closed","template":"elementor_header_footer","meta":{"footnotes":""},"class_list":["post-17","page","type-page","status-publish","hentry"],"_links":{"self":[{"href":"https:\/\/crmirosarito.com\/index.php?rest_route=\/wp\/v2\/pages\/17","targetHints":{"allow":["GET"]}}],"collection":[{"href":"https:\/\/crmirosarito.com\/index.php?rest_route=\/wp\/v2\/pages"}],"about":[{"href":"https:\/\/crmirosarito.com\/index.php?rest_route=\/wp\/v2\/types\/page"}],"author":[{"embeddable":true,"href":"https:\/\/crmirosarito.com\/index.php?rest_route=\/wp\/v2\/users\/1"}],"replies":[{"embeddable":true,"href":"https:\/\/crmirosarito.com\/index.php?rest_route=%2Fwp%2Fv2%2Fcomments&post=17"}],"version-history":[{"count":3,"href":"https:\/\/crmirosarito.com\/index.php?rest_route=\/wp\/v2\/pages\/17\/revisions"}],"predecessor-version":[{"id":124,"href":"https:\/\/crmirosarito.com\/index.php?rest_route=\/wp\/v2\/pages\/17\/revisions\/124"}],"wp:attachment":[{"href":"https:\/\/crmirosarito.com\/index.php?rest_route=%2Fwp%2Fv2%2Fmedia&parent=17"}],"curies":[{"name":"wp","href":"https:\/\/api.w.org\/{rel}","templated":true}]}}