{"id":13,"date":"2020-01-22T15:27:31","date_gmt":"2020-01-22T15:27:31","guid":{"rendered":"http:\/\/localhost\/crmirosarito\/?page_id=13"},"modified":"2020-01-22T17:19:39","modified_gmt":"2020-01-22T17:19:39","slug":"noticias","status":"publish","type":"page","link":"https:\/\/crmirosarito.com\/?page_id=13","title":{"rendered":"Noticias"},"content":{"rendered":"\t\t<div data-elementor-type=\"wp-page\" data-elementor-id=\"13\" class=\"elementor elementor-13\" data-elementor-post-type=\"page\">\n\t\t\t\t\t\t<section class=\"elementor-section elementor-top-section elementor-element elementor-element-6c70030 elementor-section-boxed elementor-section-height-default elementor-section-height-default\" data-id=\"6c70030\" data-element_type=\"section\" data-e-type=\"section\">\n\t\t\t\t\t\t<div class=\"elementor-container elementor-column-gap-default\">\n\t\t\t\t\t<div class=\"elementor-column elementor-col-100 elementor-top-column elementor-element elementor-element-5429a50\" data-id=\"5429a50\" data-element_type=\"column\" data-e-type=\"column\">\n\t\t\t<div class=\"elementor-widget-wrap elementor-element-populated\">\n\t\t\t\t\t\t<div class=\"elementor-element elementor-element-24aa2a5 elementor-widget elementor-widget-heading\" data-id=\"24aa2a5\" data-element_type=\"widget\" data-e-type=\"widget\" data-widget_type=\"heading.default\">\n\t\t\t\t<div class=\"elementor-widget-container\">\n\t\t\t\t\t<h1 class=\"elementor-heading-title elementor-size-default\">NOTICIAS<\/h1>\t\t\t\t<\/div>\n\t\t\t\t<\/div>\n\t\t\t\t<div class=\"elementor-element elementor-element-4e20eaf elementor-widget-divider--view-line elementor-widget elementor-widget-divider\" data-id=\"4e20eaf\" data-element_type=\"widget\" data-e-type=\"widget\" data-widget_type=\"divider.default\">\n\t\t\t\t<div class=\"elementor-widget-container\">\n\t\t\t\t\t\t\t<div class=\"elementor-divider\">\n\t\t\t<span class=\"elementor-divider-separator\">\n\t\t\t\t\t\t<\/span>\n\t\t<\/div>\n\t\t\t\t\t\t<\/div>\n\t\t\t\t<\/div>\n\t\t\t\t<div class=\"elementor-element elementor-element-64cf86b elementor-grid-3 elementor-grid-tablet-2 elementor-grid-mobile-1 elementor-posts--thumbnail-top elementor-widget elementor-widget-posts\" data-id=\"64cf86b\" data-element_type=\"widget\" data-e-type=\"widget\" data-settings=\"{&quot;pagination_type&quot;:&quot;numbers&quot;,&quot;classic_columns&quot;:&quot;3&quot;,&quot;classic_columns_tablet&quot;:&quot;2&quot;,&quot;classic_columns_mobile&quot;:&quot;1&quot;,&quot;classic_row_gap&quot;:{&quot;unit&quot;:&quot;px&quot;,&quot;size&quot;:35,&quot;sizes&quot;:[]},&quot;classic_row_gap_tablet&quot;:{&quot;unit&quot;:&quot;px&quot;,&quot;size&quot;:&quot;&quot;,&quot;sizes&quot;:[]},&quot;classic_row_gap_mobile&quot;:{&quot;unit&quot;:&quot;px&quot;,&quot;size&quot;:&quot;&quot;,&quot;sizes&quot;:[]}}\" data-widget_type=\"posts.classic\">\n\t\t\t\t<div class=\"elementor-widget-container\">\n\t\t\t\t\t\t\t<div class=\"elementor-posts-container elementor-posts elementor-posts--skin-classic elementor-grid\" role=\"list\">\n\t\t\t\t<article class=\"elementor-post elementor-grid-item post-498 post type-post status-publish format-standard hentry category-noticias\" role=\"listitem\">\n\t\t\t\t<div class=\"elementor-post__text\">\n\t\t\t\t<h3 class=\"elementor-post__title\">\n\t\t\t<a href=\"https:\/\/crmirosarito.com\/?p=498\" >\n\t\t\t\tRESTITUCI\u00d3N DEL SERVICIO DE AGUA EN EL CANAL A PARTIR DEL LUNES D\u00cdA 18 DE MAYO\t\t\t<\/a>\n\t\t<\/h3>\n\t\t\t\t<div class=\"elementor-post__meta-data\">\n\t\t\t\t\t<span class=\"elementor-post-date\">\n\t\t\tmayo 14, 2026\t\t<\/span>\n\t\t\t\t<\/div>\n\t\t\t\t<div class=\"elementor-post__excerpt\">\n\t\t\t<p>Se informa de que, una vez cesadas las lluvias y en previsi\u00f3n de las temperaturas normales de estas fechas, se va restituir el servicio en<\/p>\n\t\t<\/div>\n\t\t\n\t\t<a class=\"elementor-post__read-more\" href=\"https:\/\/crmirosarito.com\/?p=498\" aria-label=\"M\u00e1s informaci\u00f3n sobre RESTITUCI\u00d3N DEL SERVICIO DE AGUA EN EL CANAL A PARTIR DEL LUNES D\u00cdA 18 DE MAYO\" tabindex=\"-1\" >\n\t\t\tLeer m\u00e1s \u00bb\t\t<\/a>\n\n\t\t\t\t<\/div>\n\t\t\t\t<\/article>\n\t\t\t\t<article class=\"elementor-post elementor-grid-item post-495 post type-post status-publish format-standard has-post-thumbnail hentry category-noticias\" role=\"listitem\">\n\t\t\t\t<a class=\"elementor-post__thumbnail__link\" href=\"https:\/\/crmirosarito.com\/?p=495\" tabindex=\"-1\" >\n\t\t\t<div class=\"elementor-post__thumbnail\"><img fetchpriority=\"high\" decoding=\"async\" width=\"300\" height=\"300\" src=\"https:\/\/crmirosarito.com\/wp-content\/uploads\/2026\/05\/senal-trafico-peligro-300x300.jpg\" class=\"attachment-medium size-medium wp-image-496\" alt=\"\" srcset=\"https:\/\/crmirosarito.com\/wp-content\/uploads\/2026\/05\/senal-trafico-peligro-300x300.jpg 300w, https:\/\/crmirosarito.com\/wp-content\/uploads\/2026\/05\/senal-trafico-peligro-150x150.jpg 150w, https:\/\/crmirosarito.com\/wp-content\/uploads\/2026\/05\/senal-trafico-peligro.jpg 600w\" sizes=\"(max-width: 300px) 100vw, 300px\" \/><\/div>\n\t\t<\/a>\n\t\t\t\t<div class=\"elementor-post__text\">\n\t\t\t\t<h3 class=\"elementor-post__title\">\n\t\t\t<a href=\"https:\/\/crmirosarito.com\/?p=495\" >\n\t\t\t\tCORTE DE CARRETERA\t\t\t<\/a>\n\t\t<\/h3>\n\t\t\t\t<div class=\"elementor-post__meta-data\">\n\t\t\t\t\t<span class=\"elementor-post-date\">\n\t\t\tmayo 14, 2026\t\t<\/span>\n\t\t\t\t<\/div>\n\t\t\t\t<div class=\"elementor-post__excerpt\">\n\t\t\t<p>Se informe desde Confederaci\u00f3n de que debido a labores de reparaci\u00f3n en el canal, va a permanecer cortada la carretera de servicio del canal en<\/p>\n\t\t<\/div>\n\t\t\n\t\t<a class=\"elementor-post__read-more\" href=\"https:\/\/crmirosarito.com\/?p=495\" aria-label=\"M\u00e1s informaci\u00f3n sobre CORTE DE CARRETERA\" tabindex=\"-1\" >\n\t\t\tLeer m\u00e1s \u00bb\t\t<\/a>\n\n\t\t\t\t<\/div>\n\t\t\t\t<\/article>\n\t\t\t\t<article class=\"elementor-post elementor-grid-item post-491 post type-post status-publish format-standard hentry category-noticias category-uncategorized\" role=\"listitem\">\n\t\t\t\t<div class=\"elementor-post__text\">\n\t\t\t\t<h3 class=\"elementor-post__title\">\n\t\t\t<a href=\"https:\/\/crmirosarito.com\/?p=491\" >\n\t\t\t\tPublicaci\u00f3n de Asociaci\u00f3n de Comunidades Regantes de Extremadura\t\t\t<\/a>\n\t\t<\/h3>\n\t\t\t\t<div class=\"elementor-post__meta-data\">\n\t\t\t\t\t<span class=\"elementor-post-date\">\n\t\t\tmayo 6, 2026\t\t<\/span>\n\t\t\t\t<\/div>\n\t\t\t\t<div class=\"elementor-post__excerpt\">\n\t\t\t<p>\ud83d\udca7\ud83c\udf31 La Comunidad de Regantes de la Margen Izquierda de Rosarito afronta la campa\u00f1a de riego 2026 La Comunidad de Regantes de la Margen Izquierda<\/p>\n\t\t<\/div>\n\t\t\n\t\t<a class=\"elementor-post__read-more\" href=\"https:\/\/crmirosarito.com\/?p=491\" aria-label=\"M\u00e1s informaci\u00f3n sobre Publicaci\u00f3n de Asociaci\u00f3n de Comunidades Regantes de Extremadura\" tabindex=\"-1\" >\n\t\t\tLeer m\u00e1s \u00bb\t\t<\/a>\n\n\t\t\t\t<\/div>\n\t\t\t\t<\/article>\n\t\t\t\t<article class=\"elementor-post elementor-grid-item post-489 post type-post status-publish format-standard has-post-thumbnail hentry category-uncategorized\" role=\"listitem\">\n\t\t\t\t<a class=\"elementor-post__thumbnail__link\" href=\"https:\/\/crmirosarito.com\/?p=489\" tabindex=\"-1\" >\n\t\t\t<div class=\"elementor-post__thumbnail\"><img decoding=\"async\" width=\"300\" height=\"290\" src=\"https:\/\/crmirosarito.com\/wp-content\/uploads\/2020\/01\/gota-300x290.png\" class=\"attachment-medium size-medium wp-image-56\" alt=\"\" srcset=\"https:\/\/crmirosarito.com\/wp-content\/uploads\/2020\/01\/gota-300x290.png 300w, https:\/\/crmirosarito.com\/wp-content\/uploads\/2020\/01\/gota.png 371w\" sizes=\"(max-width: 300px) 100vw, 300px\" \/><\/div>\n\t\t<\/a>\n\t\t\t\t<div class=\"elementor-post__text\">\n\t\t\t\t<h3 class=\"elementor-post__title\">\n\t\t\t<a href=\"https:\/\/crmirosarito.com\/?p=489\" >\n\t\t\t\tINICIO DE LA CAMPA\u00d1A DE RIEGO\t\t\t<\/a>\n\t\t<\/h3>\n\t\t\t\t<div class=\"elementor-post__meta-data\">\n\t\t\t\t\t<span class=\"elementor-post-date\">\n\t\t\tmayo 5, 2026\t\t<\/span>\n\t\t\t\t<\/div>\n\t\t\t\t<div class=\"elementor-post__excerpt\">\n\t\t\t<p>\u2139\ufe0f El lunes, 4 de mayo de 2026, se procedi\u00f3 a echar agua en el canal, dando por iniciada la campa\u00f1a de riegos de 2026.<\/p>\n\t\t<\/div>\n\t\t\n\t\t<a class=\"elementor-post__read-more\" href=\"https:\/\/crmirosarito.com\/?p=489\" aria-label=\"M\u00e1s informaci\u00f3n sobre INICIO DE LA CAMPA\u00d1A DE RIEGO\" tabindex=\"-1\" >\n\t\t\tLeer m\u00e1s \u00bb\t\t<\/a>\n\n\t\t\t\t<\/div>\n\t\t\t\t<\/article>\n\t\t\t\t<article class=\"elementor-post elementor-grid-item post-484 post type-post status-publish format-standard hentry category-noticias\" role=\"listitem\">\n\t\t\t\t<div class=\"elementor-post__text\">\n\t\t\t\t<h3 class=\"elementor-post__title\">\n\t\t\t<a href=\"https:\/\/crmirosarito.com\/?p=484\" >\n\t\t\t\tCORTE DEL TR\u00c1FICO EN LA PISTA DE SERVICIO DE LA A37\t\t\t<\/a>\n\t\t<\/h3>\n\t\t\t\t<div class=\"elementor-post__meta-data\">\n\t\t\t\t\t<span class=\"elementor-post-date\">\n\t\t\tabril 20, 2026\t\t<\/span>\n\t\t\t\t<\/div>\n\t\t\t\t<div class=\"elementor-post__excerpt\">\n\t\t\t<p>Se comunica que, seg\u00fan informaci\u00f3n trasladada por la\u00a0Confederaci\u00f3n, durante la semana del\u00a020 al 24 de abril\u00a0se van a llevar a cabo labores de reparaci\u00f3n del<\/p>\n\t\t<\/div>\n\t\t\n\t\t<a class=\"elementor-post__read-more\" href=\"https:\/\/crmirosarito.com\/?p=484\" aria-label=\"M\u00e1s informaci\u00f3n sobre CORTE DEL TR\u00c1FICO EN LA PISTA DE SERVICIO DE LA A37\" tabindex=\"-1\" >\n\t\t\tLeer m\u00e1s \u00bb\t\t<\/a>\n\n\t\t\t\t<\/div>\n\t\t\t\t<\/article>\n\t\t\t\t<article class=\"elementor-post elementor-grid-item post-482 post type-post status-publish format-standard hentry category-tablon-de-anuncios\" role=\"listitem\">\n\t\t\t\t<div class=\"elementor-post__text\">\n\t\t\t\t<h3 class=\"elementor-post__title\">\n\t\t\t<a href=\"https:\/\/crmirosarito.com\/?p=482\" >\n\t\t\t\tAGUA EN EL CANAL\t\t\t<\/a>\n\t\t<\/h3>\n\t\t\t\t<div class=\"elementor-post__meta-data\">\n\t\t\t\t\t<span class=\"elementor-post-date\">\n\t\t\tabril 13, 2026\t\t<\/span>\n\t\t\t\t<\/div>\n\t\t\t\t<div class=\"elementor-post__excerpt\">\n\t\t\t<p>\u2139\ufe0f Se informa de que esta semana, del 13 al 17 de abril, se va a echar agua en el canal y en la red<\/p>\n\t\t<\/div>\n\t\t\n\t\t<a class=\"elementor-post__read-more\" href=\"https:\/\/crmirosarito.com\/?p=482\" aria-label=\"M\u00e1s informaci\u00f3n sobre AGUA EN EL CANAL\" tabindex=\"-1\" >\n\t\t\tLeer m\u00e1s \u00bb\t\t<\/a>\n\n\t\t\t\t<\/div>\n\t\t\t\t<\/article>\n\t\t\t\t<article class=\"elementor-post elementor-grid-item post-473 post type-post status-publish format-standard has-post-thumbnail hentry category-modelos-y-formularios\" role=\"listitem\">\n\t\t\t\t<a class=\"elementor-post__thumbnail__link\" href=\"https:\/\/crmirosarito.com\/?p=473\" tabindex=\"-1\" >\n\t\t\t<div class=\"elementor-post__thumbnail\"><img decoding=\"async\" width=\"300\" height=\"294\" src=\"https:\/\/crmirosarito.com\/wp-content\/uploads\/2026\/04\/Icono-de-documento-con-descarga-300x294.png\" class=\"attachment-medium size-medium wp-image-478\" alt=\"\" srcset=\"https:\/\/crmirosarito.com\/wp-content\/uploads\/2026\/04\/Icono-de-documento-con-descarga-300x294.png 300w, https:\/\/crmirosarito.com\/wp-content\/uploads\/2026\/04\/Icono-de-documento-con-descarga-1024x1002.png 1024w, https:\/\/crmirosarito.com\/wp-content\/uploads\/2026\/04\/Icono-de-documento-con-descarga-768x752.png 768w, https:\/\/crmirosarito.com\/wp-content\/uploads\/2026\/04\/Icono-de-documento-con-descarga.png 1268w\" sizes=\"(max-width: 300px) 100vw, 300px\" \/><\/div>\n\t\t<\/a>\n\t\t\t\t<div class=\"elementor-post__text\">\n\t\t\t\t<h3 class=\"elementor-post__title\">\n\t\t\t<a href=\"https:\/\/crmirosarito.com\/?p=473\" >\n\t\t\t\tFORMULARIO SOLICITUD RELLENABLE\t\t\t<\/a>\n\t\t<\/h3>\n\t\t\t\t<div class=\"elementor-post__meta-data\">\n\t\t\t\t\t<span class=\"elementor-post-date\">\n\t\t\tabril 9, 2026\t\t<\/span>\n\t\t\t\t<\/div>\n\t\t\t\t<div class=\"elementor-post__excerpt\">\n\t\t\t<p>Para solicitar una Certificaci\u00f3n deber\u00e1 enviarnos cumplimentado el modelo adjunto. FORMULARIO SOLICITUD RELLENABLE.doc<\/p>\n\t\t<\/div>\n\t\t\n\t\t<a class=\"elementor-post__read-more\" href=\"https:\/\/crmirosarito.com\/?p=473\" aria-label=\"M\u00e1s informaci\u00f3n sobre FORMULARIO SOLICITUD RELLENABLE\" tabindex=\"-1\" >\n\t\t\tLeer m\u00e1s \u00bb\t\t<\/a>\n\n\t\t\t\t<\/div>\n\t\t\t\t<\/article>\n\t\t\t\t<article class=\"elementor-post elementor-grid-item post-467 post type-post status-publish format-standard has-post-thumbnail hentry category-noticias\" role=\"listitem\">\n\t\t\t\t<a class=\"elementor-post__thumbnail__link\" href=\"https:\/\/crmirosarito.com\/?p=467\" tabindex=\"-1\" >\n\t\t\t<div class=\"elementor-post__thumbnail\"><img loading=\"lazy\" decoding=\"async\" width=\"300\" height=\"164\" src=\"https:\/\/crmirosarito.com\/wp-content\/uploads\/2026\/04\/PORTADA-ANTEPROYECTO-300x164.jpg\" class=\"attachment-medium size-medium wp-image-469\" alt=\"\" srcset=\"https:\/\/crmirosarito.com\/wp-content\/uploads\/2026\/04\/PORTADA-ANTEPROYECTO-300x164.jpg 300w, https:\/\/crmirosarito.com\/wp-content\/uploads\/2026\/04\/PORTADA-ANTEPROYECTO-1024x558.jpg 1024w, https:\/\/crmirosarito.com\/wp-content\/uploads\/2026\/04\/PORTADA-ANTEPROYECTO-768x419.jpg 768w, https:\/\/crmirosarito.com\/wp-content\/uploads\/2026\/04\/PORTADA-ANTEPROYECTO.jpg 1278w\" sizes=\"(max-width: 300px) 100vw, 300px\" \/><\/div>\n\t\t<\/a>\n\t\t\t\t<div class=\"elementor-post__text\">\n\t\t\t\t<h3 class=\"elementor-post__title\">\n\t\t\t<a href=\"https:\/\/crmirosarito.com\/?p=467\" >\n\t\t\t\tPRESENTACI\u00d3N ANTEPROYECTO DE MEJORA Y MODERNIZACI\u00d3N\t\t\t<\/a>\n\t\t<\/h3>\n\t\t\t\t<div class=\"elementor-post__meta-data\">\n\t\t\t\t\t<span class=\"elementor-post-date\">\n\t\t\tabril 9, 2026\t\t<\/span>\n\t\t\t\t<\/div>\n\t\t\t\t<div class=\"elementor-post__excerpt\">\n\t\t\t<p>En el siguiente enlace encontrar\u00e1n el Anteproyecto de Mejora y Modernizaci\u00f3n de la Margen Izquierda del Pantano de Rosarito. &nbsp; PRESENTACI\u00d3N ANTEPROYECTO DE MEJORA Y<\/p>\n\t\t<\/div>\n\t\t\n\t\t<a class=\"elementor-post__read-more\" href=\"https:\/\/crmirosarito.com\/?p=467\" aria-label=\"M\u00e1s informaci\u00f3n sobre PRESENTACI\u00d3N ANTEPROYECTO DE MEJORA Y MODERNIZACI\u00d3N\" tabindex=\"-1\" >\n\t\t\tLeer m\u00e1s \u00bb\t\t<\/a>\n\n\t\t\t\t<\/div>\n\t\t\t\t<\/article>\n\t\t\t\t<article class=\"elementor-post elementor-grid-item post-459 post type-post status-publish format-standard hentry category-tablon-de-anuncios\" role=\"listitem\">\n\t\t\t\t<div class=\"elementor-post__text\">\n\t\t\t\t<h3 class=\"elementor-post__title\">\n\t\t\t<a href=\"https:\/\/crmirosarito.com\/?p=459\" >\n\t\t\t\tAPROBACI\u00d3N CUOTAS 2026\t\t\t<\/a>\n\t\t<\/h3>\n\t\t\t\t<div class=\"elementor-post__meta-data\">\n\t\t\t\t\t<span class=\"elementor-post-date\">\n\t\t\tmarzo 6, 2026\t\t<\/span>\n\t\t\t\t<\/div>\n\t\t\t\t<div class=\"elementor-post__excerpt\">\n\t\t\t<p>La Asamblea General de la Comunidad de Regantes de la Margen Izquierda del Pantano de Rosarito, celebrada en Pueblonuevo de Miramontes el pasado 26 de<\/p>\n\t\t<\/div>\n\t\t\n\t\t<a class=\"elementor-post__read-more\" href=\"https:\/\/crmirosarito.com\/?p=459\" aria-label=\"M\u00e1s informaci\u00f3n sobre APROBACI\u00d3N CUOTAS 2026\" tabindex=\"-1\" >\n\t\t\tLeer m\u00e1s \u00bb\t\t<\/a>\n\n\t\t\t\t<\/div>\n\t\t\t\t<\/article>\n\t\t\t\t<\/div>\n\t\t\n\t\t\t\t<div class=\"e-load-more-anchor\" data-page=\"1\" data-max-page=\"9\" data-next-page=\"https:\/\/crmirosarito.com\/index.php?rest_route=%2Fwp%2Fv2%2Fpages%2F13&#038;paged=2\"><\/div>\n\t\t\t\t<nav class=\"elementor-pagination\" aria-label=\"Paginaci\u00f3n\">\n\t\t\t<span aria-current=\"page\" class=\"page-numbers current\"><span class=\"elementor-screen-only\">P\u00e1gina<\/span>1<\/span>\n<a class=\"page-numbers\" href=\"https:\/\/crmirosarito.com\/index.php\/?paged=2\"><span class=\"elementor-screen-only\">P\u00e1gina<\/span>2<\/a>\n<a class=\"page-numbers\" href=\"https:\/\/crmirosarito.com\/index.php\/?paged=3\"><span class=\"elementor-screen-only\">P\u00e1gina<\/span>3<\/a>\n<a class=\"page-numbers\" href=\"https:\/\/crmirosarito.com\/index.php\/?paged=4\"><span class=\"elementor-screen-only\">P\u00e1gina<\/span>4<\/a>\n<a class=\"page-numbers\" href=\"https:\/\/crmirosarito.com\/index.php\/?paged=5\"><span class=\"elementor-screen-only\">P\u00e1gina<\/span>5<\/a>\t\t<\/nav>\n\t\t\t\t\t\t<\/div>\n\t\t\t\t<\/div>\n\t\t\t\t\t<\/div>\n\t\t<\/div>\n\t\t\t\t\t<\/div>\n\t\t<\/section>\n\t\t\t\t<\/div>\n\t\t","protected":false},"excerpt":{"rendered":"<p>NOTICIAS<\/p>\n","protected":false},"author":1,"featured_media":0,"parent":0,"menu_order":0,"comment_status":"closed","ping_status":"closed","template":"elementor_header_footer","meta":{"footnotes":""},"class_list":["post-13","page","type-page","status-publish","hentry"],"_links":{"self":[{"href":"https:\/\/crmirosarito.com\/index.php?rest_route=\/wp\/v2\/pages\/13","targetHints":{"allow":["GET"]}}],"collection":[{"href":"https:\/\/crmirosarito.com\/index.php?rest_route=\/wp\/v2\/pages"}],"about":[{"href":"https:\/\/crmirosarito.com\/index.php?rest_route=\/wp\/v2\/types\/page"}],"author":[{"embeddable":true,"href":"https:\/\/crmirosarito.com\/index.php?rest_route=\/wp\/v2\/users\/1"}],"replies":[{"embeddable":true,"href":"https:\/\/crmirosarito.com\/index.php?rest_route=%2Fwp%2Fv2%2Fcomments&post=13"}],"version-history":[{"count":5,"href":"https:\/\/crmirosarito.com\/index.php?rest_route=\/wp\/v2\/pages\/13\/revisions"}],"predecessor-version":[{"id":122,"href":"https:\/\/crmirosarito.com\/index.php?rest_route=\/wp\/v2\/pages\/13\/revisions\/122"}],"wp:attachment":[{"href":"https:\/\/crmirosarito.com\/index.php?rest_route=%2Fwp%2Fv2%2Fmedia&parent=13"}],"curies":[{"name":"wp","href":"https:\/\/api.w.org\/{rel}","templated":true}]}}