{"id":11,"date":"2020-01-22T15:27:18","date_gmt":"2020-01-22T15:27:18","guid":{"rendered":"http:\/\/localhost\/crmirosarito\/?page_id=11"},"modified":"2025-02-26T10:37:23","modified_gmt":"2025-02-26T10:37:23","slug":"quienes-somos","status":"publish","type":"page","link":"https:\/\/crmirosarito.com\/?page_id=11","title":{"rendered":"Quienes somos"},"content":{"rendered":"\t\t<div data-elementor-type=\"wp-page\" data-elementor-id=\"11\" class=\"elementor elementor-11\" data-elementor-post-type=\"page\">\n\t\t\t\t\t\t<section class=\"elementor-section elementor-top-section elementor-element elementor-element-9f019fb elementor-section-boxed elementor-section-height-default elementor-section-height-default\" data-id=\"9f019fb\" data-element_type=\"section\" data-e-type=\"section\">\n\t\t\t\t\t\t<div class=\"elementor-container elementor-column-gap-default\">\n\t\t\t\t\t<div class=\"elementor-column elementor-col-50 elementor-top-column elementor-element elementor-element-358bb68\" data-id=\"358bb68\" data-element_type=\"column\" data-e-type=\"column\">\n\t\t\t<div class=\"elementor-widget-wrap elementor-element-populated\">\n\t\t\t\t\t\t<div class=\"elementor-element elementor-element-bfe30a2 elementor-widget elementor-widget-image\" data-id=\"bfe30a2\" data-element_type=\"widget\" data-e-type=\"widget\" data-widget_type=\"image.default\">\n\t\t\t\t<div class=\"elementor-widget-container\">\n\t\t\t\t\t\t\t\t\t\t\t\t\t\t\t<img fetchpriority=\"high\" decoding=\"async\" width=\"371\" height=\"359\" src=\"https:\/\/crmirosarito.com\/wp-content\/uploads\/2020\/01\/gota.png\" class=\"attachment-large size-large wp-image-56\" alt=\"\" srcset=\"https:\/\/crmirosarito.com\/wp-content\/uploads\/2020\/01\/gota.png 371w, https:\/\/crmirosarito.com\/wp-content\/uploads\/2020\/01\/gota-300x290.png 300w\" sizes=\"(max-width: 371px) 100vw, 371px\" \/>\t\t\t\t\t\t\t\t\t\t\t\t\t\t\t<\/div>\n\t\t\t\t<\/div>\n\t\t\t\t\t<\/div>\n\t\t<\/div>\n\t\t\t\t<div class=\"elementor-column elementor-col-50 elementor-top-column elementor-element elementor-element-9e18bc6\" data-id=\"9e18bc6\" data-element_type=\"column\" data-e-type=\"column\">\n\t\t\t<div class=\"elementor-widget-wrap elementor-element-populated\">\n\t\t\t\t\t\t<div class=\"elementor-element elementor-element-4721f88 elementor-widget elementor-widget-text-editor\" data-id=\"4721f88\" data-element_type=\"widget\" data-e-type=\"widget\" data-widget_type=\"text-editor.default\">\n\t\t\t\t<div class=\"elementor-widget-container\">\n\t\t\t\t\t\t\t\t\t<h1>COMUNIDAD DE REGANTES DE LA MARGEN IZQUIERDA DEL PANTANO DE ROSARITO<\/h1><p>La Comunidad de Regantes de la Margen Izquierda del Pantano de Rosarito se constituy\u00f3 por Orden Ministerial de fecha 15 de febrero de 1963. Sus <a href=\"https:\/\/crmirosarito.com\/wp-content\/uploads\/2025\/02\/ORDENANZAS_compressed_compressed-comprimido-1.pdf\">Ordenanzas y Reglamento<\/a> fueron aprobados y adaptados a la Ley de Aguas de 2 de agosto de 1985, por resoluci\u00f3n de la Confederaci\u00f3n Hidrogr\u00e1fica del Tajo de 11 de marzo de 1996.<\/p><p>La zona regable se encuentra dividida en seis sectores, con una superficie total de 11.400,00 Has, y una superficie regable de 9.001,97 Has. Pertenecen a esta zona los t\u00e9rminos municipales de Oropesa, en la provincia de Toledo, y Talayuela, Rosalejo, Ti\u00e9tar, Pueblonuevo de Miramontes, Barquilla de Pinares y Santa Mar\u00eda de las Lomas, en la provincia de C\u00e1ceres.<\/p><p>La finalidad de la Comunidad de Regantes es organizar los aprovechamientos colectivos de aguas p\u00fablicas, superficiales y subterr\u00e1neas que le son comunes, as\u00ed como distribuirlo de manera eficaz, eficiente y equitativa entre todos los miembros regantes.<\/p>\t\t\t\t\t\t\t\t<\/div>\n\t\t\t\t<\/div>\n\t\t\t\t\t<\/div>\n\t\t<\/div>\n\t\t\t\t\t<\/div>\n\t\t<\/section>\n\t\t\t\t<\/div>\n\t\t","protected":false},"excerpt":{"rendered":"<p>COMUNIDAD DE REGANTES DE LA MARGEN IZQUIERDA DEL PANTANO DE ROSARITO La Comunidad de Regantes de la Margen Izquierda del Pantano de Rosarito se constituy\u00f3 por Orden Ministerial de fecha 15 de febrero de 1963. Sus Ordenanzas y Reglamento fueron aprobados y adaptados a la Ley de Aguas de 2 de agosto de 1985, por [&hellip;]<\/p>\n","protected":false},"author":1,"featured_media":0,"parent":0,"menu_order":0,"comment_status":"closed","ping_status":"closed","template":"elementor_header_footer","meta":{"footnotes":""},"class_list":["post-11","page","type-page","status-publish","hentry"],"_links":{"self":[{"href":"https:\/\/crmirosarito.com\/index.php?rest_route=\/wp\/v2\/pages\/11","targetHints":{"allow":["GET"]}}],"collection":[{"href":"https:\/\/crmirosarito.com\/index.php?rest_route=\/wp\/v2\/pages"}],"about":[{"href":"https:\/\/crmirosarito.com\/index.php?rest_route=\/wp\/v2\/types\/page"}],"author":[{"embeddable":true,"href":"https:\/\/crmirosarito.com\/index.php?rest_route=\/wp\/v2\/users\/1"}],"replies":[{"embeddable":true,"href":"https:\/\/crmirosarito.com\/index.php?rest_route=%2Fwp%2Fv2%2Fcomments&post=11"}],"version-history":[{"count":6,"href":"https:\/\/crmirosarito.com\/index.php?rest_route=\/wp\/v2\/pages\/11\/revisions"}],"predecessor-version":[{"id":373,"href":"https:\/\/crmirosarito.com\/index.php?rest_route=\/wp\/v2\/pages\/11\/revisions\/373"}],"wp:attachment":[{"href":"https:\/\/crmirosarito.com\/index.php?rest_route=%2Fwp%2Fv2%2Fmedia&parent=11"}],"curies":[{"name":"wp","href":"https:\/\/api.w.org\/{rel}","templated":true}]}}